{"id":7,"date":"2024-04-29T10:05:54","date_gmt":"2024-04-29T10:05:54","guid":{"rendered":"https:\/\/plantilla1.devmarkpe.com\/?page_id=7"},"modified":"2026-02-27T14:25:34","modified_gmt":"2026-02-27T14:25:34","slug":"politicas-de-privacidad","status":"publish","type":"page","link":"https:\/\/lezaetakoogia.eus\/es\/politicas-de-privacidad","title":{"rendered":"Pol\u00edticas de Privacidad"},"content":{"rendered":"<div data-elementor-type=\"wp-post\" data-elementor-id=\"7\" class=\"elementor elementor-7\">\n\t\t\t\t<div class=\"elementor-element elementor-element-d226789 e-flex e-con-boxed e-con e-parent\" data-id=\"d226789\" data-element_type=\"container\" data-e-type=\"container\">\n\t\t\t\t\t<div class=\"e-con-inner\">\n\t\t<div class=\"elementor-element elementor-element-d3387c7 e-flex e-con-boxed e-con e-child\" data-id=\"d3387c7\" data-element_type=\"container\" data-e-type=\"container\" data-settings=\"{&quot;background_background&quot;:&quot;classic&quot;}\">\n\t\t\t\t\t<div class=\"e-con-inner\">\n\t\t\t\t<div class=\"elementor-element elementor-element-af448f5 elementor-widget elementor-widget-heading\" data-id=\"af448f5\" data-element_type=\"widget\" data-e-type=\"widget\" data-widget_type=\"heading.default\">\n\t\t\t\t<div class=\"elementor-widget-container\">\n\t\t\t\t\t<h2 class=\"elementor-heading-title elementor-size-default\">Pol\u00edticas de Privacidad<\/h2>\t\t\t\t<\/div>\n\t\t\t\t<\/div>\n\t\t\t\t<div class=\"elementor-element elementor-element-b9fe9c1 elementor-widget elementor-widget-text-editor\" data-id=\"b9fe9c1\" data-element_type=\"widget\" data-e-type=\"widget\" data-widget_type=\"text-editor.default\">\n\t\t\t\t<div class=\"elementor-widget-container\">\n\t\t\t\t\t\t\t\t\t<h3><b>1. Responsable del tratamiento<\/b><\/h3><p>En cumplimiento del Reglamento (UE) 2016\/679 (RGPD) y de la Ley Org\u00e1nica 3\/2018 (LOPDGDD), se informa de que:<\/p><ul><li aria-level=\"1\"><p><strong>Nombre comercial:<\/strong> ITZIAR EGIDAZU UGALDE<\/p><p><strong>e-mail:<\/strong> <strong><a href=\"http:\/\/mailto:lezaetakogia@gmail.com\/\" target=\"_blank\" rel=\"noopener\" data-original-outline=\"\" data-original-offset=\"\" data-original-color=\"\">lezaetakogia@gmail.com<\/a><\/strong><\/p><p><strong>NIF<\/strong>: 15393983Z<\/p><p><strong>Tel\u00e9fono<\/strong>: <strong><a href=\"tel:626138405\" data-original-outline=\"\" data-original-offset=\"\" data-original-color=\"\">626138405<\/a><\/strong><\/p><\/li><li aria-level=\"1\"><strong>Sitio web<\/strong>: <strong><a href=\"https:\/\/lezaetakoogia.eus\/es\/\">https:\/\/arimayogagunea.com\/<\/a><\/strong><\/li><\/ul><p>Esta pol\u00edtica es aplicable a\u00a0<b>todos los tratamientos de datos realizados a trav\u00e9s del sitio web<\/b>, con independencia de la p\u00e1gina desde la que se acceda.<\/p><h3><b>2. Datos personales tratados<\/b><\/h3><p>A trav\u00e9s del sitio web se pueden tratar los siguientes datos personales:<\/p><ul><li aria-level=\"1\">Datos identificativos (nombre, apellidos)<\/li><li aria-level=\"1\">Datos de contacto (correo electr\u00f3nico, tel\u00e9fono)<\/li><li aria-level=\"1\">Direcci\u00f3n IP y datos de navegaci\u00f3n<\/li><li aria-level=\"1\">Datos facilitados voluntariamente por el usuario mediante formularios o comentarios<\/li><\/ul><h3><b>3. Finalidad del tratamiento<\/b><\/h3><p>Los datos personales se tratan con las siguientes finalidades generales:<\/p><ul><li aria-level=\"1\">Atender solicitudes, consultas o comunicaciones realizadas por los usuarios<\/li><li aria-level=\"1\">Gestionar los servicios ofrecidos a trav\u00e9s del sitio web<\/li><li aria-level=\"1\">Gestionar y moderar comentarios o interacciones, si las hubiera<\/li><li aria-level=\"1\">Mejorar la navegaci\u00f3n, funcionamiento y seguridad del sitio web<\/li><li aria-level=\"1\">Cumplir con obligaciones legales aplicables<\/li><\/ul><h3><b>4. Base legal del tratamiento<\/b><\/h3><p>El tratamiento de los datos se basa en:<\/p><ul><li aria-level=\"1\">El\u00a0<b>consentimiento del usuario<\/b><\/li><li aria-level=\"1\">La\u00a0<b>ejecuci\u00f3n de una relaci\u00f3n contractual o precontractual<\/b>, cuando proceda<\/li><li aria-level=\"1\">El\u00a0<b>cumplimiento de obligaciones legales<\/b><\/li><\/ul><h3><b>5. Conservaci\u00f3n de los datos<\/b><\/h3><p>Los datos personales se conservar\u00e1n:<\/p><ul><li aria-level=\"1\">Mientras se mantenga la relaci\u00f3n con el usuario<\/li><li aria-level=\"1\">Mientras no se solicite su supresi\u00f3n<\/li><li aria-level=\"1\">Durante los plazos exigidos por la normativa aplicable<\/li><\/ul><h3><b>6. Destinatarios de los datos<\/b><\/h3><p>Los datos no se ceder\u00e1n a terceros, salvo:<\/p><ul><li aria-level=\"1\">Obligaci\u00f3n legal<\/li><li aria-level=\"1\">Proveedores que prestan servicios necesarios para el funcionamiento del sitio web (alojamiento, mantenimiento, correo electr\u00f3nico, anal\u00edtica), bajo los correspondientes acuerdos de confidencialidad<\/li><\/ul><p>No se realizan transferencias internacionales de datos sin garant\u00edas adecuadas.<\/p><h3><b>7. Derechos de los usuarios<\/b><\/h3><p>El usuario puede ejercer los siguientes derechos:<\/p><ul><li aria-level=\"1\">Acceso<\/li><li aria-level=\"1\">Rectificaci\u00f3n<\/li><li aria-level=\"1\">Supresi\u00f3n<\/li><li aria-level=\"1\">Limitaci\u00f3n del tratamiento<\/li><li aria-level=\"1\">Oposici\u00f3n<\/li><li aria-level=\"1\">Portabilidad de los datos<\/li><li aria-level=\"1\">Retirada del consentimiento en cualquier momento<\/li><\/ul><p>Para ejercer estos derechos puede contactar con el responsable a trav\u00e9s del correo electr\u00f3nico indicado.<\/p><p>Asimismo, tiene derecho a presentar una reclamaci\u00f3n ante la\u00a0<b>Agencia Espa\u00f1ola de Protecci\u00f3n de Datos (<\/b><a href=\"http:\/\/www.aepd.es\/\" target=\"_blank\" rel=\"noopener\"><b>www.aepd.es<\/b><\/a><b>)<\/b>.<\/p><h3><b>8. Seguridad de los datos<\/b><\/h3><p>El responsable adopta las medidas t\u00e9cnicas y organizativas necesarias para garantizar la seguridad y confidencialidad de los datos personales.<\/p><h3><b>9. Cookies<\/b><\/h3><p>\u00a0Si deja un comentario en nuestro sitio, puede optar por guardar su nombre, direcci\u00f3n de correo electr\u00f3nico y sitio web en cookies. Esto es para tu comodidad para que no tengas que volver a completar tus datos cuando dejes otro comentario. Estas cookies tendr\u00e1n una duraci\u00f3n de un a\u00f1o.<\/p><p>Si visita nuestra p\u00e1gina de inicio de sesi\u00f3n, configuraremos una cookie temporal para determinar si su navegador acepta cookies. Esta cookie no contiene datos personales y se descarta al cerrar el navegador.<\/p><p>Cuando inicie sesi\u00f3n, tambi\u00e9n configuraremos varias cookies para guardar su informaci\u00f3n de inicio de sesi\u00f3n y sus opciones de visualizaci\u00f3n de pantalla. Las cookies de inicio de sesi\u00f3n duran dos d\u00edas y las cookies de opciones de pantalla duran un a\u00f1o. Si selecciona \u00abRecordarme\u00bb, su inicio de sesi\u00f3n persistir\u00e1 durante dos semanas. Si cierra sesi\u00f3n en su cuenta, se eliminar\u00e1n las cookies de inicio de sesi\u00f3n.<\/p><p>Si edita o publica un art\u00edculo, se guardar\u00e1 una cookie adicional en su navegador. Esta cookie no incluye datos personales y simplemente indica el ID de la publicaci\u00f3n del art\u00edculo que acaba de editar. Caduca despu\u00e9s de 1 d\u00eda.<\/p><h3><b>10. Modificaciones de la pol\u00edtica<\/b><\/h3><p>El responsable se reserva el derecho a modificar la presente Pol\u00edtica de Privacidad para adaptarla a cambios legislativos o t\u00e9cnicos.<\/p>\t\t\t\t\t\t\t\t<\/div>\n\t\t\t\t<\/div>\n\t\t\t\t\t<\/div>\n\t\t\t\t<\/div>\n\t\t\t\t\t<\/div>\n\t\t\t\t<\/div>\n\t\t\t\t<\/div>","protected":false},"excerpt":{"rendered":"<p>Pol\u00edticas de Privacidad 1. Responsable del tratamiento En cumplimiento del Reglamento (UE) 2016\/679 (RGPD) y de la Ley Org\u00e1nica 3\/2018 (LOPDGDD), se informa de que: Nombre comercial: ITZIAR EGIDAZU UGALDE e-mail: lezaetakogia@gmail.com NIF: 15393983Z Tel\u00e9fono: 626138405 Sitio web: https:\/\/arimayogagunea.com\/ Esta pol\u00edtica es aplicable a\u00a0todos los tratamientos de datos realizados a trav\u00e9s del sitio web, con [&hellip;]<\/p>\n","protected":false},"author":1,"featured_media":0,"parent":0,"menu_order":0,"comment_status":"closed","ping_status":"closed","template":"","meta":{"site-sidebar-layout":"no-sidebar","site-content-layout":"page-builder","ast-site-content-layout":"full-width-container","site-content-style":"default","site-sidebar-style":"default","ast-global-header-display":"","ast-banner-title-visibility":"","ast-main-header-display":"","ast-hfb-above-header-display":"","ast-hfb-below-header-display":"","ast-hfb-mobile-header-display":"","site-post-title":"disabled","ast-breadcrumbs-content":"","ast-featured-img":"disabled","footer-sml-layout":"","ast-disable-related-posts":"","theme-transparent-header-meta":"","adv-header-id-meta":"","stick-header-meta":"","header-above-stick-meta":"","header-main-stick-meta":"","header-below-stick-meta":"","astra-migrate-meta-layouts":"default","ast-page-background-enabled":"default","ast-page-background-meta":{"desktop":{"background-color":"","background-image":"","background-repeat":"repeat","background-position":"center center","background-size":"auto","background-attachment":"scroll","background-type":"","background-media":"","overlay-type":"","overlay-color":"","overlay-opacity":"","overlay-gradient":""},"tablet":{"background-color":"","background-image":"","background-repeat":"repeat","background-position":"center center","background-size":"auto","background-attachment":"scroll","background-type":"","background-media":"","overlay-type":"","overlay-color":"","overlay-opacity":"","overlay-gradient":""},"mobile":{"background-color":"","background-image":"","background-repeat":"repeat","background-position":"center center","background-size":"auto","background-attachment":"scroll","background-type":"","background-media":"","overlay-type":"","overlay-color":"","overlay-opacity":"","overlay-gradient":""}},"ast-content-background-meta":{"desktop":{"background-color":"var(--ast-global-color-5)","background-image":"","background-repeat":"repeat","background-position":"center center","background-size":"auto","background-attachment":"scroll","background-type":"","background-media":"","overlay-type":"","overlay-color":"","overlay-opacity":"","overlay-gradient":""},"tablet":{"background-color":"var(--ast-global-color-5)","background-image":"","background-repeat":"repeat","background-position":"center center","background-size":"auto","background-attachment":"scroll","background-type":"","background-media":"","overlay-type":"","overlay-color":"","overlay-opacity":"","overlay-gradient":""},"mobile":{"background-color":"var(--ast-global-color-5)","background-image":"","background-repeat":"repeat","background-position":"center center","background-size":"auto","background-attachment":"scroll","background-type":"","background-media":"","overlay-type":"","overlay-color":"","overlay-opacity":"","overlay-gradient":""}},"_joinchat":[],"footnotes":""},"class_list":["post-7","page","type-page","status-publish","hentry"],"_links":{"self":[{"href":"https:\/\/lezaetakoogia.eus\/es\/wp-json\/wp\/v2\/pages\/7","targetHints":{"allow":["GET"]}}],"collection":[{"href":"https:\/\/lezaetakoogia.eus\/es\/wp-json\/wp\/v2\/pages"}],"about":[{"href":"https:\/\/lezaetakoogia.eus\/es\/wp-json\/wp\/v2\/types\/page"}],"author":[{"embeddable":true,"href":"https:\/\/lezaetakoogia.eus\/es\/wp-json\/wp\/v2\/users\/1"}],"replies":[{"embeddable":true,"href":"https:\/\/lezaetakoogia.eus\/es\/wp-json\/wp\/v2\/comments?post=7"}],"version-history":[{"count":0,"href":"https:\/\/lezaetakoogia.eus\/es\/wp-json\/wp\/v2\/pages\/7\/revisions"}],"wp:attachment":[{"href":"https:\/\/lezaetakoogia.eus\/es\/wp-json\/wp\/v2\/media?parent=7"}],"curies":[{"name":"wp","href":"https:\/\/api.w.org\/{rel}","templated":true}]}}